{"id":657,"date":"2024-05-19T09:47:52","date_gmt":"2024-05-19T07:47:52","guid":{"rendered":"https:\/\/conciergerieboost.fr\/?page_id=657"},"modified":"2024-08-14T20:54:43","modified_gmt":"2024-08-14T18:54:43","slug":"promotions-voyageurs","status":"publish","type":"page","link":"https:\/\/conciergerieboost.fr\/index.php\/promotions-voyageurs\/","title":{"rendered":"Promotions voyageurs"},"content":{"rendered":"<p>[et_pb_section fb_built=\u00a0\u00bb1&Prime; admin_label=\u00a0\u00bbGallery\u00a0\u00bb _builder_version=\u00a0\u00bb4.20.0&Prime; _module_preset=\u00a0\u00bbdefault\u00a0\u00bb collapsed=\u00a0\u00bbon\u00a0\u00bb global_colors_info=\u00a0\u00bb{}\u00a0\u00bb][et_pb_row _builder_version=\u00a0\u00bb4.24.2&Prime; _module_preset=\u00a0\u00bbdefault\u00a0\u00bb global_colors_info=\u00a0\u00bb{}\u00a0\u00bb][et_pb_column type=\u00a0\u00bb4_4&Prime; _builder_version=\u00a0\u00bb4.24.2&Prime; _module_preset=\u00a0\u00bbdefault\u00a0\u00bb global_colors_info=\u00a0\u00bb{}\u00a0\u00bb][et_pb_text _builder_version=\u00a0\u00bb4.24.2&Prime; _module_preset=\u00a0\u00bbdefault\u00a0\u00bb text_font=\u00a0\u00bb|||||on|||\u00a0\u00bb text_font_size=\u00a0\u00bb50px\u00a0\u00bb text_line_height=\u00a0\u00bb1.8em\u00a0\u00bb text_orientation=\u00a0\u00bbcenter\u00a0\u00bb global_colors_info=\u00a0\u00bb{}\u00a0\u00bb]<\/p>\n<p>Promotions<\/p>\n<p>[\/et_pb_text][et_pb_text _builder_version=\u00a0\u00bb4.27.0&Prime; _module_preset=\u00a0\u00bbdefault\u00a0\u00bb global_colors_info=\u00a0\u00bb{}\u00a0\u00bb]<\/p>\n<p><strong>Chers voyageurs, la conciergerie Boost vous souhaite la bienvenue sur notre magnifique bassin de thau.<\/strong><br \/><strong>En exclusivit\u00e9, nous avons pass\u00e9 des partenariats avec les entreprises locales vous permettants de b\u00e9n\u00e9ficier d&rsquo;avantages exclusifs sur les activit\u00e9s, restorations, &#8230;<\/strong><\/p>\n<p>[\/et_pb_text][\/et_pb_column][\/et_pb_row][\/et_pb_section][et_pb_section fb_built=\u00a0\u00bb1&Prime; admin_label=\u00a0\u00bbGallery\u00a0\u00bb _builder_version=\u00a0\u00bb4.20.0&Prime; _module_preset=\u00a0\u00bbdefault\u00a0\u00bb collapsed=\u00a0\u00bbon\u00a0\u00bb global_colors_info=\u00a0\u00bb{}\u00a0\u00bb][et_pb_row column_structure=\u00a0\u00bb1_3,1_3,1_3&Prime; custom_padding_last_edited=\u00a0\u00bbon|tablet\u00a0\u00bb _builder_version=\u00a0\u00bb4.20.0&Prime; _module_preset=\u00a0\u00bbdefault\u00a0\u00bb custom_padding_tablet=\u00a0\u00bb||0px||false|false\u00a0\u00bb custom_padding_phone=\u00a0\u00bb||0px||false|false\u00a0\u00bb global_colors_info=\u00a0\u00bb{}\u00a0\u00bb][et_pb_column type=\u00a0\u00bb1_3&Prime; _builder_version=\u00a0\u00bb4.20.0&Prime; _module_preset=\u00a0\u00bbdefault\u00a0\u00bb global_colors_info=\u00a0\u00bb{}\u00a0\u00bb][et_pb_image src=\u00a0\u00bbhttps:\/\/conciergerieboost.fr\/wp-content\/uploads\/2024\/07\/Capture-decran-2024-05-24-a-19.19.50.webp\u00a0\u00bb alt=\u00a0\u00bbLogo des Toqu\u00e9s du b\u00d4cal \u00e0 Bouzigues, cuisine raffin\u00e9e en partenariat avec Conciergerie Boost\u00a0\u00bb title_text=\u00a0\u00bbLes Toqu\u00e9s du b\u00d4cal &#8211; Savourez la gastronomie de Bouzigues avec les services de Conciergerie Boost\u00a0\u00bb align=\u00a0\u00bbcenter\u00a0\u00bb _builder_version=\u00a0\u00bb4.27.0&Prime; _module_preset=\u00a0\u00bbdefault\u00a0\u00bb hover_enabled=\u00a0\u00bb0&Prime; global_colors_info=\u00a0\u00bb{}\u00a0\u00bb url=\u00a0\u00bbhttps:\/\/www.facebook.com\/Lestoquesbouzigues\/?locale=fr_FR\u00a0\u00bb sticky_enabled=\u00a0\u00bb0&Prime;][\/et_pb_image][et_pb_text _builder_version=\u00a0\u00bb4.24.2&Prime; _module_preset=\u00a0\u00bbdefault\u00a0\u00bb global_colors_info=\u00a0\u00bb{}\u00a0\u00bb]<\/p>\n<p>Les toqu\u00e9s du bocal &#8211; Bouzigues<\/p>\n<p>Vente de bocaux, \u00e9picerie fine, traiteur \u00e0 emporter, gourmandises sucr\u00e9es.<\/p>\n<p><strong>Une tapenade offerte pour toute commande sup\u00e9rieure \u00e0 25\u20ac. <\/strong><br \/><strong>En venant de la part de la conciergerie boost<\/strong><\/p>\n<p>&nbsp;<\/p>\n<p>[\/et_pb_text][\/et_pb_column][et_pb_column type=\u00a0\u00bb1_3&Prime; _builder_version=\u00a0\u00bb4.20.0&Prime; _module_preset=\u00a0\u00bbdefault\u00a0\u00bb global_colors_info=\u00a0\u00bb{}\u00a0\u00bb][et_pb_image src=\u00a0\u00bbhttps:\/\/conciergerieboost.fr\/wp-content\/uploads\/2024\/07\/Capture-decran-2024-05-21-a-20.07.22.webp\u00a0\u00bb alt=\u00a0\u00bbLogo Tarbouriech Le St Pierre, excellence gastronomique \u00e0 Bouzigues, en partenariat avec Conciergerie Boost\u00a0\u00bb title_text=\u00a0\u00bbTarbouriech Le St Pierre &#8211; D\u00e9couvrez les saveurs de Bouzigues avec les services exclusifs de Conciergerie Boost\u00a0\u00bb align=\u00a0\u00bbcenter\u00a0\u00bb _builder_version=\u00a0\u00bb4.27.0&Prime; _module_preset=\u00a0\u00bbdefault\u00a0\u00bb hover_enabled=\u00a0\u00bb0&Prime; global_colors_info=\u00a0\u00bb{}\u00a0\u00bb url=\u00a0\u00bbhttps:\/\/www.tarbouriech-le-st-pierre-bouzigues.fr\u00a0\u00bb sticky_enabled=\u00a0\u00bb0&Prime;][\/et_pb_image][et_pb_text _builder_version=\u00a0\u00bb4.27.0&Prime; _module_preset=\u00a0\u00bbdefault\u00a0\u00bb global_colors_info=\u00a0\u00bb{}\u00a0\u00bb]<\/p>\n<p>Le St Pierre TARBOURIECH &#8211; Loupian<\/p>\n<p>D\u00e9gustation de coquillages au bord de l&rsquo;eau, directement au mas ! Ferm\u00e9 les mercredus et jeudis<\/p>\n<p><b>Un verre de vin par personne offert en donnant le code BOOST24 sur r\u00e9servation<\/b><\/p>\n<p>&nbsp;<\/p>\n<p>[\/et_pb_text][\/et_pb_column][et_pb_column type=\u00a0\u00bb1_3&Prime; _builder_version=\u00a0\u00bb4.20.0&Prime; _module_preset=\u00a0\u00bbdefault\u00a0\u00bb global_colors_info=\u00a0\u00bb{}\u00a0\u00bb][\/et_pb_column][\/et_pb_row][et_pb_row column_structure=\u00a0\u00bb1_3,1_3,1_3&Prime; custom_padding_last_edited=\u00a0\u00bbon|tablet\u00a0\u00bb _builder_version=\u00a0\u00bb4.20.0&Prime; _module_preset=\u00a0\u00bbdefault\u00a0\u00bb custom_padding_tablet=\u00a0\u00bb||0px||false|false\u00a0\u00bb custom_padding_phone=\u00a0\u00bb||0px||false|false\u00a0\u00bb global_colors_info=\u00a0\u00bb{}\u00a0\u00bb][et_pb_column type=\u00a0\u00bb1_3&Prime; _builder_version=\u00a0\u00bb4.20.0&Prime; _module_preset=\u00a0\u00bbdefault\u00a0\u00bb global_colors_info=\u00a0\u00bb{}\u00a0\u00bb][et_pb_image src=\u00a0\u00bbhttps:\/\/conciergerieboost.fr\/wp-content\/uploads\/2024\/07\/Capture-decran-2024-05-23-a-20.43.37.webp\u00a0\u00bb alt=\u00a0\u00bbLogo de Fabrikus World, parc d\u2019attractions innovant \u00e0 Vias Plage, partenaire de Conciergerie Boost\u00a0\u00bb title_text=\u00a0\u00bbFabrikus World \u00e0 Vias Plage &#8211; D\u00e9couvrez les attractions innovantes avec les offres sp\u00e9ciales de Conciergerie Boost\u00a0\u00bb align=\u00a0\u00bbcenter\u00a0\u00bb _builder_version=\u00a0\u00bb4.27.0&Prime; _module_preset=\u00a0\u00bbdefault\u00a0\u00bb hover_enabled=\u00a0\u00bb0&Prime; global_colors_info=\u00a0\u00bb{}\u00a0\u00bb url=\u00a0\u00bbhttps:\/\/www.fabrikusworld.com\u00a0\u00bb sticky_enabled=\u00a0\u00bb0&Prime;][\/et_pb_image][et_pb_text _builder_version=\u00a0\u00bb4.27.0&Prime; _module_preset=\u00a0\u00bbdefault\u00a0\u00bb global_colors_info=\u00a0\u00bb{}\u00a0\u00bb]<\/p>\n<p>Fabrikus World &#8211; Vias Plage<\/p>\n<p><strong>Une entr\u00e9e enfant de moins de 12 ans offerte (sur pr\u00e9sentation du coupon)<\/strong><\/p>\n<p><strong><\/strong><\/p>\n<p>[\/et_pb_text][\/et_pb_column][et_pb_column type=\u00a0\u00bb1_3&Prime; _builder_version=\u00a0\u00bb4.20.0&Prime; _module_preset=\u00a0\u00bbdefault\u00a0\u00bb global_colors_info=\u00a0\u00bb{}\u00a0\u00bb][et_pb_image src=\u00a0\u00bbhttps:\/\/conciergerieboost.fr\/wp-content\/uploads\/2024\/07\/Capture-decran-2024-05-21-a-20.10.07.webp\u00a0\u00bb alt=\u00a0\u00bbLogo de DinoWorld au Cap d\u2019Agde, partenaire de Conciergerie Boost pour une aventure pr\u00e9historique inoubliable\u00a0\u00bb title_text=\u00a0\u00bbDinoWorld &#8211; Vivez l\u2019exp\u00e9rience des dinosaures avec les offres exclusives de Conciergerie Boost\u00a0\u00bb align=\u00a0\u00bbcenter\u00a0\u00bb _builder_version=\u00a0\u00bb4.27.0&Prime; _module_preset=\u00a0\u00bbdefault\u00a0\u00bb hover_enabled=\u00a0\u00bb0&Prime; global_colors_info=\u00a0\u00bb{}\u00a0\u00bb url=\u00a0\u00bbhttps:\/\/www.dinoworld.fr\/fr\/\u00a0\u00bb sticky_enabled=\u00a0\u00bb0&Prime;][\/et_pb_image][et_pb_text _builder_version=\u00a0\u00bb4.27.0&Prime; _module_preset=\u00a0\u00bbdefault\u00a0\u00bb global_colors_info=\u00a0\u00bb{}\u00a0\u00bb]<\/p>\n<p>Dino World &#8211; Cap d&rsquo;agde<\/p>\n<p><strong>2\u20ac par personne offert sur chaque entr\u00e9e. Cumulable avec les forfaits (sur pr\u00e9sentation du coupon)<\/strong><\/p>\n<p><strong><\/strong><\/p>\n<p>[\/et_pb_text][\/et_pb_column][et_pb_column type=\u00a0\u00bb1_3&Prime; _builder_version=\u00a0\u00bb4.20.0&Prime; _module_preset=\u00a0\u00bbdefault\u00a0\u00bb global_colors_info=\u00a0\u00bb{}\u00a0\u00bb][et_pb_image src=\u00a0\u00bbhttps:\/\/conciergerieboost.fr\/wp-content\/uploads\/2024\/05\/Capture-decran-2024-05-21-a-20.01.39.png\u00a0\u00bb title_text=\u00a0\u00bbAqua Turtle\u00a0\u00bb align=\u00a0\u00bbcenter\u00a0\u00bb _builder_version=\u00a0\u00bb4.27.0&Prime; _module_preset=\u00a0\u00bbdefault\u00a0\u00bb hover_enabled=\u00a0\u00bb0&Prime; global_colors_info=\u00a0\u00bb{}\u00a0\u00bb url=\u00a0\u00bbhttps:\/\/aqua-turtle.fr\u00a0\u00bb sticky_enabled=\u00a0\u00bb0&Prime;][\/et_pb_image][et_pb_text _builder_version=\u00a0\u00bb4.27.0&Prime; _module_preset=\u00a0\u00bbdefault\u00a0\u00bb global_colors_info=\u00a0\u00bb{}\u00a0\u00bb]<\/p>\n<p>Aqua Turtle &#8211; Balaruc les bains<\/p>\n<p>Base nautique d&rsquo;avril \u00e0 septembre<\/p>\n<p class=\"cvGsUA direction-ltr align-start para-style-body\"><strong><span class=\"OYPEnA font-feature-liga-off font-feature-clig-off font-feature-calt-off text-decoration-none text-strikethrough-none\">Offre promotionnelle valable sur le paddle g\u00e9ant 7 places, p\u00e9dalos 4 places toboggan ou ombrelle et v\u00e9los sur l&rsquo;eau.\u00a0<\/span><\/strong><\/p>\n<p class=\"cvGsUA direction-ltr align-start para-style-body\"><strong><span class=\"OYPEnA font-feature-liga-off font-feature-clig-off font-feature-calt-off text-decoration-none text-strikethrough-none\">15 minutes suppl\u00e9mentaires pour 1 heure de location<\/span><\/strong><\/p>\n<p class=\"cvGsUA direction-ltr align-start para-style-body\"><strong><span class=\"OYPEnA font-feature-liga-off font-feature-clig-off font-feature-calt-off text-decoration-none text-strikethrough-none\">10 minutes suppl\u00e9mentaires pour 30 minutes de location.<\/span><\/strong><\/p>\n<p class=\"cvGsUA direction-ltr align-start para-style-body\"><strong><span class=\"OYPEnA font-feature-liga-off font-feature-clig-off font-feature-calt-off text-decoration-none text-strikethrough-none\">Valable tous les jours sur r\u00e9servation de 10h \u00e0 14h en donnant le code : BOOST24<\/span><\/strong><span class=\"OYPEnA font-feature-liga-off font-feature-clig-off font-feature-calt-off text-decoration-none text-strikethrough-none white-space-prewrap\"><\/span><\/p>\n<p><strong><\/strong><\/p>\n<p>[\/et_pb_text][\/et_pb_column][\/et_pb_row][et_pb_row column_structure=\u00a0\u00bb1_3,1_3,1_3&Prime; _builder_version=\u00a0\u00bb4.20.0&Prime; _module_preset=\u00a0\u00bbdefault\u00a0\u00bb global_colors_info=\u00a0\u00bb{}\u00a0\u00bb][et_pb_column type=\u00a0\u00bb1_3&Prime; _builder_version=\u00a0\u00bb4.20.0&Prime; _module_preset=\u00a0\u00bbdefault\u00a0\u00bb global_colors_info=\u00a0\u00bb{}\u00a0\u00bb][et_pb_image src=\u00a0\u00bbhttps:\/\/conciergerieboost.fr\/wp-content\/uploads\/2024\/08\/EspritM-Bleu-Mrose-1920&#215;10801-1.png\u00a0\u00bb alt=\u00a0\u00bbLogo esprit M en partenariat avec Conciergerie Boost\u00a0\u00bb title_text=\u00a0\u00bbLogo esprit M en partenariat avec Conciergerie Boost\u00a0\u00bb align=\u00a0\u00bbcenter\u00a0\u00bb _builder_version=\u00a0\u00bb4.27.0&Prime; _module_preset=\u00a0\u00bbdefault\u00a0\u00bb hover_enabled=\u00a0\u00bb0&Prime; global_colors_info=\u00a0\u00bb{}\u00a0\u00bb url=\u00a0\u00bbhttps:\/\/espritm.com\u00a0\u00bb sticky_enabled=\u00a0\u00bb0&Prime;][\/et_pb_image][et_pb_text _builder_version=\u00a0\u00bb4.27.0&Prime; _module_preset=\u00a0\u00bbdefault\u00a0\u00bb global_colors_info=\u00a0\u00bb{}\u00a0\u00bb]<\/p>\n<p>ESPRIT M<\/p>\n<p>Location de M\u00e9haris \u00e9lectriques avec plusieurs choix de circuits pour d\u00e9couvrir les plus beaux coins. Application connect\u00e9e en guise de guide touristique.<\/p>\n<p><strong>10% de r\u00e9duction<\/strong><\/p>\n<p><strong><\/strong><\/p>\n<p>[\/et_pb_text][\/et_pb_column][et_pb_column type=\u00a0\u00bb1_3&Prime; _builder_version=\u00a0\u00bb4.20.0&Prime; _module_preset=\u00a0\u00bbdefault\u00a0\u00bb global_colors_info=\u00a0\u00bb{}\u00a0\u00bb][\/et_pb_column][et_pb_column type=\u00a0\u00bb1_3&Prime; _builder_version=\u00a0\u00bb4.20.0&Prime; _module_preset=\u00a0\u00bbdefault\u00a0\u00bb global_colors_info=\u00a0\u00bb{}\u00a0\u00bb][\/et_pb_column][\/et_pb_row][\/et_pb_section]<\/p>\n","protected":false},"excerpt":{"rendered":"<p>PromotionsChers voyageurs, la conciergerie Boost vous souhaite la bienvenue sur notre magnifique bassin de thau.En exclusivit\u00e9, nous avons pass\u00e9 des partenariats avec les entreprises locales vous permettants de b\u00e9n\u00e9ficier d&rsquo;avantages exclusifs sur les activit\u00e9s, restorations, &#8230;Les toqu\u00e9s du bocal &#8211; Bouzigues Vente de bocaux, \u00e9picerie fine, traiteur \u00e0 emporter, gourmandises sucr\u00e9es. Une tapenade offerte pour [&hellip;]<\/p>\n","protected":false},"author":1,"featured_media":0,"parent":0,"menu_order":0,"comment_status":"closed","ping_status":"closed","template":"","meta":{"_et_pb_use_builder":"on","_et_pb_old_content":"","_et_gb_content_width":"","footnotes":""},"class_list":["post-657","page","type-page","status-publish","hentry"],"yoast_head":"<!-- This site is optimized with the Yoast SEO plugin v25.6 - https:\/\/yoast.com\/wordpress\/plugins\/seo\/ -->\n<title>Promotions voyageurs - Conciergerie Boost<\/title>\n<meta name=\"robots\" content=\"index, follow, max-snippet:-1, max-image-preview:large, max-video-preview:-1\" \/>\n<link rel=\"canonical\" href=\"https:\/\/conciergerieboost.fr\/index.php\/promotions-voyageurs\/\" \/>\n<meta property=\"og:locale\" content=\"fr_FR\" \/>\n<meta property=\"og:type\" content=\"article\" \/>\n<meta property=\"og:title\" content=\"Promotions voyageurs - Conciergerie Boost\" \/>\n<meta property=\"og:description\" content=\"PromotionsChers voyageurs, la conciergerie Boost vous souhaite la bienvenue sur notre magnifique bassin de thau.En exclusivit\u00e9, nous avons pass\u00e9 des partenariats avec les entreprises locales vous permettants de b\u00e9n\u00e9ficier d&#039;avantages exclusifs sur les activit\u00e9s, restorations, ...Les toqu\u00e9s du bocal - Bouzigues Vente de bocaux, \u00e9picerie fine, traiteur \u00e0 emporter, gourmandises sucr\u00e9es. Une tapenade offerte pour [&hellip;]\" \/>\n<meta property=\"og:url\" content=\"https:\/\/conciergerieboost.fr\/index.php\/promotions-voyageurs\/\" \/>\n<meta property=\"og:site_name\" content=\"Conciergerie Boost\" \/>\n<meta property=\"article:modified_time\" content=\"2024-08-14T18:54:43+00:00\" \/>\n<meta property=\"og:image\" content=\"https:\/\/conciergerieboost.fr\/wp-content\/uploads\/2024\/05\/Capture-decran-2024-04-26-a-21.06.50.png\" \/>\n\t<meta property=\"og:image:width\" content=\"948\" \/>\n\t<meta property=\"og:image:height\" content=\"812\" \/>\n\t<meta property=\"og:image:type\" content=\"image\/png\" \/>\n<meta name=\"twitter:card\" content=\"summary_large_image\" \/>\n<meta name=\"twitter:label1\" content=\"Dur\u00e9e de lecture estim\u00e9e\" \/>\n\t<meta name=\"twitter:data1\" content=\"5 minutes\" \/>\n<script type=\"application\/ld+json\" class=\"yoast-schema-graph\">{\"@context\":\"https:\/\/schema.org\",\"@graph\":[{\"@type\":\"WebPage\",\"@id\":\"https:\/\/conciergerieboost.fr\/index.php\/promotions-voyageurs\/\",\"url\":\"https:\/\/conciergerieboost.fr\/index.php\/promotions-voyageurs\/\",\"name\":\"Promotions voyageurs - Conciergerie Boost\",\"isPartOf\":{\"@id\":\"https:\/\/conciergerieboost.fr\/#website\"},\"datePublished\":\"2024-05-19T07:47:52+00:00\",\"dateModified\":\"2024-08-14T18:54:43+00:00\",\"breadcrumb\":{\"@id\":\"https:\/\/conciergerieboost.fr\/index.php\/promotions-voyageurs\/#breadcrumb\"},\"inLanguage\":\"fr-FR\",\"potentialAction\":[{\"@type\":\"ReadAction\",\"target\":[\"https:\/\/conciergerieboost.fr\/index.php\/promotions-voyageurs\/\"]}]},{\"@type\":\"BreadcrumbList\",\"@id\":\"https:\/\/conciergerieboost.fr\/index.php\/promotions-voyageurs\/#breadcrumb\",\"itemListElement\":[{\"@type\":\"ListItem\",\"position\":1,\"name\":\"Accueil\",\"item\":\"https:\/\/conciergerieboost.fr\/\"},{\"@type\":\"ListItem\",\"position\":2,\"name\":\"Promotions voyageurs\"}]},{\"@type\":\"WebSite\",\"@id\":\"https:\/\/conciergerieboost.fr\/#website\",\"url\":\"https:\/\/conciergerieboost.fr\/\",\"name\":\"Conciergerie Boost\",\"description\":\"Conciergerie \u00e0 haut rendement\",\"publisher\":{\"@id\":\"https:\/\/conciergerieboost.fr\/#organization\"},\"alternateName\":\"Conciergerie\",\"potentialAction\":[{\"@type\":\"SearchAction\",\"target\":{\"@type\":\"EntryPoint\",\"urlTemplate\":\"https:\/\/conciergerieboost.fr\/?s={search_term_string}\"},\"query-input\":{\"@type\":\"PropertyValueSpecification\",\"valueRequired\":true,\"valueName\":\"search_term_string\"}}],\"inLanguage\":\"fr-FR\"},{\"@type\":\"Organization\",\"@id\":\"https:\/\/conciergerieboost.fr\/#organization\",\"name\":\"Conciergerie Boost\",\"url\":\"https:\/\/conciergerieboost.fr\/\",\"logo\":{\"@type\":\"ImageObject\",\"inLanguage\":\"fr-FR\",\"@id\":\"https:\/\/conciergerieboost.fr\/#\/schema\/logo\/image\/\",\"url\":\"https:\/\/conciergerieboost.fr\/wp-content\/uploads\/2024\/03\/Capture-decran-2024-03-25-a-17.14.22.png\",\"contentUrl\":\"https:\/\/conciergerieboost.fr\/wp-content\/uploads\/2024\/03\/Capture-decran-2024-03-25-a-17.14.22.png\",\"width\":1166,\"height\":634,\"caption\":\"Conciergerie Boost\"},\"image\":{\"@id\":\"https:\/\/conciergerieboost.fr\/#\/schema\/logo\/image\/\"}}]}<\/script>\n<!-- \/ Yoast SEO plugin. -->","yoast_head_json":{"title":"Promotions voyageurs - Conciergerie Boost","robots":{"index":"index","follow":"follow","max-snippet":"max-snippet:-1","max-image-preview":"max-image-preview:large","max-video-preview":"max-video-preview:-1"},"canonical":"https:\/\/conciergerieboost.fr\/index.php\/promotions-voyageurs\/","og_locale":"fr_FR","og_type":"article","og_title":"Promotions voyageurs - Conciergerie Boost","og_description":"PromotionsChers voyageurs, la conciergerie Boost vous souhaite la bienvenue sur notre magnifique bassin de thau.En exclusivit\u00e9, nous avons pass\u00e9 des partenariats avec les entreprises locales vous permettants de b\u00e9n\u00e9ficier d'avantages exclusifs sur les activit\u00e9s, restorations, ...Les toqu\u00e9s du bocal - Bouzigues Vente de bocaux, \u00e9picerie fine, traiteur \u00e0 emporter, gourmandises sucr\u00e9es. Une tapenade offerte pour [&hellip;]","og_url":"https:\/\/conciergerieboost.fr\/index.php\/promotions-voyageurs\/","og_site_name":"Conciergerie Boost","article_modified_time":"2024-08-14T18:54:43+00:00","og_image":[{"width":948,"height":812,"url":"https:\/\/conciergerieboost.fr\/wp-content\/uploads\/2024\/05\/Capture-decran-2024-04-26-a-21.06.50.png","type":"image\/png"}],"twitter_card":"summary_large_image","twitter_misc":{"Dur\u00e9e de lecture estim\u00e9e":"5 minutes"},"schema":{"@context":"https:\/\/schema.org","@graph":[{"@type":"WebPage","@id":"https:\/\/conciergerieboost.fr\/index.php\/promotions-voyageurs\/","url":"https:\/\/conciergerieboost.fr\/index.php\/promotions-voyageurs\/","name":"Promotions voyageurs - Conciergerie Boost","isPartOf":{"@id":"https:\/\/conciergerieboost.fr\/#website"},"datePublished":"2024-05-19T07:47:52+00:00","dateModified":"2024-08-14T18:54:43+00:00","breadcrumb":{"@id":"https:\/\/conciergerieboost.fr\/index.php\/promotions-voyageurs\/#breadcrumb"},"inLanguage":"fr-FR","potentialAction":[{"@type":"ReadAction","target":["https:\/\/conciergerieboost.fr\/index.php\/promotions-voyageurs\/"]}]},{"@type":"BreadcrumbList","@id":"https:\/\/conciergerieboost.fr\/index.php\/promotions-voyageurs\/#breadcrumb","itemListElement":[{"@type":"ListItem","position":1,"name":"Accueil","item":"https:\/\/conciergerieboost.fr\/"},{"@type":"ListItem","position":2,"name":"Promotions voyageurs"}]},{"@type":"WebSite","@id":"https:\/\/conciergerieboost.fr\/#website","url":"https:\/\/conciergerieboost.fr\/","name":"Conciergerie Boost","description":"Conciergerie \u00e0 haut rendement","publisher":{"@id":"https:\/\/conciergerieboost.fr\/#organization"},"alternateName":"Conciergerie","potentialAction":[{"@type":"SearchAction","target":{"@type":"EntryPoint","urlTemplate":"https:\/\/conciergerieboost.fr\/?s={search_term_string}"},"query-input":{"@type":"PropertyValueSpecification","valueRequired":true,"valueName":"search_term_string"}}],"inLanguage":"fr-FR"},{"@type":"Organization","@id":"https:\/\/conciergerieboost.fr\/#organization","name":"Conciergerie Boost","url":"https:\/\/conciergerieboost.fr\/","logo":{"@type":"ImageObject","inLanguage":"fr-FR","@id":"https:\/\/conciergerieboost.fr\/#\/schema\/logo\/image\/","url":"https:\/\/conciergerieboost.fr\/wp-content\/uploads\/2024\/03\/Capture-decran-2024-03-25-a-17.14.22.png","contentUrl":"https:\/\/conciergerieboost.fr\/wp-content\/uploads\/2024\/03\/Capture-decran-2024-03-25-a-17.14.22.png","width":1166,"height":634,"caption":"Conciergerie Boost"},"image":{"@id":"https:\/\/conciergerieboost.fr\/#\/schema\/logo\/image\/"}}]}},"jetpack_sharing_enabled":true,"_links":{"self":[{"href":"https:\/\/conciergerieboost.fr\/index.php\/wp-json\/wp\/v2\/pages\/657"}],"collection":[{"href":"https:\/\/conciergerieboost.fr\/index.php\/wp-json\/wp\/v2\/pages"}],"about":[{"href":"https:\/\/conciergerieboost.fr\/index.php\/wp-json\/wp\/v2\/types\/page"}],"author":[{"embeddable":true,"href":"https:\/\/conciergerieboost.fr\/index.php\/wp-json\/wp\/v2\/users\/1"}],"replies":[{"embeddable":true,"href":"https:\/\/conciergerieboost.fr\/index.php\/wp-json\/wp\/v2\/comments?post=657"}],"version-history":[{"count":7,"href":"https:\/\/conciergerieboost.fr\/index.php\/wp-json\/wp\/v2\/pages\/657\/revisions"}],"predecessor-version":[{"id":827,"href":"https:\/\/conciergerieboost.fr\/index.php\/wp-json\/wp\/v2\/pages\/657\/revisions\/827"}],"wp:attachment":[{"href":"https:\/\/conciergerieboost.fr\/index.php\/wp-json\/wp\/v2\/media?parent=657"}],"curies":[{"name":"wp","href":"https:\/\/api.w.org\/{rel}","templated":true}]}}